{"id":183,"date":"2014-08-20T10:08:29","date_gmt":"2014-08-20T08:08:29","guid":{"rendered":"http:\/\/blog.rifra.com\/?page_id=183"},"modified":"2015-03-06T16:04:23","modified_gmt":"2015-03-06T15:04:23","slug":"zeugnisse","status":"publish","type":"page","link":"https:\/\/blog.rifra.com\/de\/zeugnisse\/","title":{"rendered":"Zeugnisse"},"content":{"rendered":"<p style=\"text-align: left;\">Auf dieser Seite finden Sie viele Aussagen \u00fcber RI.FRA, die von unseren Kunden geschrieben wurden.<\/p>\n<p style=\"text-align: left;\"><strong>Giuseppe Fascianella<\/strong><br \/>\n<strong>Salvacarro<br \/>\n<\/strong><\/p>\n<p lang=\"de-DE\" style=\"margin-bottom: 0cm;\"><span lang=\"de-DE\">Salvacarro ist eine Firme, die durch meinen Vater angefangen ist. <\/span><span lang=\"fr-FR\">Es <\/span><span lang=\"de-DE\">hat eine italienische Herkunft und arbeitet in Bruxelles.<br \/>\nWir kollaborieren mit Rifra seit 5 Jahren und wir sind spezialisiert in den komplett<\/span><span lang=\"de-DE\">en Konzept von Badezimmer. Wir sind sehr froh \u00fcber unseren Kollaboration mit Rifra.<\/span><br \/>\nIch liebe seine Pr\u00e4sentation in Batibouw f\u00fcr sein Stil, das sehr elegant ist.<br \/>\nEine Badezimmer wird ein Traum, weil der Raum, der Leute tr\u00e4umen macht, dank seiner Feinheit.<\/p>\n<p><iframe loading=\"lazy\" style=\"margin-top: 30px;\" src=\"https:\/\/player.vimeo.com\/video\/120808017?title=0&amp;byline=0&amp;portrait=0\" width=\"500\" height=\"281\" frameborder=\"0\" allowfullscreen=\"allowfullscreen\"><\/iframe><\/p>\n<hr \/>\n<p style=\"text-align: left;\"><strong>Marc Bei<\/strong><br \/>\n<strong>Costruttore<br \/>\n<\/strong><\/p>\n<p style=\"margin-bottom: 0cm;\"><span lang=\"de-DE\">Wir sind Erbauern in Luxemburg seit 30 Jahren und wir machen Ma<\/span><span lang=\"de-DE\">\u00dfprojekten f\u00fcr unsere Kunden.<br \/>\nWir haben realisiert, dass unsere Kollaboration mit Rifra die beste ist. Tats\u00e4chlich, ist sein Design perfekt mit unserer Architektur.<\/span><br \/>\nWas gef\u00e4llt uns am liebsten, ist die Verzierung.<br \/>\n<span lang=\"de-DE\">Au\u00dferdem, hat man ein gro\u00dfen Vorteil: das ist die Firmes Flexibilit\u00e4t. Also, kann man kundenspezifisch Projekten machen. Das ist sehr wichtig, und es ist etwas das die anderen Firme auf sein Niveau nicht machen.<\/span><\/p>\n<p><iframe loading=\"lazy\" style=\"margin-top: 30px;\" src=\"https:\/\/player.vimeo.com\/video\/120798824?title=0&amp;byline=0&amp;portrait=0\" width=\"500\" height=\"281\" frameborder=\"0\" allowfullscreen=\"allowfullscreen\"><\/iframe><\/p>\n<hr \/>\n<p style=\"text-align: left;\"><strong>Sandrine Franconeri<\/strong><br \/>\n<strong>Federspiel<br \/>\n<\/strong><\/p>\n<p lang=\"de-DE\" style=\"margin-bottom: 0cm;\">Ich arbeite fur Fedespiel seit 15 Jahren und ich befasse mich mit der Ausstellung in Luxemburg.<br \/>\nWir kollaborieren mit Rifra seit 7 Jahren und jeder Jahre lieben wir seine Pr\u00e4sentation immer mehr.<br \/>\nSeine Konzepten von Badezimmer sind sehr entwickelt.<br \/>\nIch sch\u00e4tze die Organisation auch: der Dienst ist immer perfekt.<br \/>\nWir werden sicherlich mit Rifra weiterarbeiten.<\/p>\n<p><iframe loading=\"lazy\" style=\"margin-top: 30px;\" src=\"https:\/\/player.vimeo.com\/video\/120700305?title=0&amp;byline=0&amp;portrait=0\" width=\"500\" height=\"281\" frameborder=\"0\" allowfullscreen=\"allowfullscreen\"><\/iframe><\/p>\n<hr \/>\n<p><strong>Katherine McConvey,\u00a0<\/strong><br \/>\n<strong>CEO von KMM Corporation und Rifra-Kundin.<\/strong><\/p>\n<p>\u201eMatteo, mein Haus in Florida n\u00e4hert sich dem Bauabschluss und wird endlich zu einem Zuhause. Viele der Objekte, die ich Tag f\u00fcr Tag anfasse, sind von Ihrem Unternehmen, von Rifra konzipiert und hergestellt. Ich kann Ihnen nicht sagen, wie sehr ich es genie\u00dfe, diese Objekte anzusehen und anzufassen. Die zentrale K\u00fcche ist wirklich beeindruckend, aber meine Arbeitsfl\u00e4che ist hier mein Stolz und meine Freude. Ich LIEBE den Anblick, das Anf\u00fchlen, aber auch den praktischen Wert.<\/p>\n<p>Das Badezimmer &amp; die Wanne sind einfach wundersch\u00f6n, und alle Platten, die sie umgeben, machen es komplett. Die Outdoor-K\u00fcche wird jede Woche benutzt und kann zum Highlight des Hauses werden, zumindest f\u00fcr die Kinder.<\/p>\n<p>Bei so vielen K\u00fcchen \/ Fr\u00fchst\u00fcck-Bars und Badezimmern, die sich auf dem Grundst\u00fcck befinden und die alle von Ihrem Unternehmen geliefert wurden, wei\u00df ich, dass ich richtig entschieden habe, dies alles Ihnen zu \u00fcbertragen. Nochmals vielen Dank an Sie und alle Ihre Mitarbeiter, die so sorgf\u00e4ltig gearbeitet haben, um dies zu verwirklichen. Ich verspreche, Ihnen Fotos zu senden, sobald ich welche aufgenommen habe.&#8221;<\/p>\n<hr \/>\n<p style=\"text-align: left;\"><strong>Rich Corbett,<br \/>\n<\/strong><strong>von Richlin Interiors<br \/>\nEstero, FL, USA.<br \/>\nwww.richlininteriors.com<\/strong><\/p>\n<p>\u201eDie Abwicklung der Gesch\u00e4fte mit Rifra war eine wahre Freude f\u00fcr uns hier bei Richlin Interiors.<br \/>\nWir waren von der schnellen Reaktion und von der professionellen Arbeitsweise Ihres Unternehmens beeindruckt.<br \/>\nRifra hat immer unvergleichliche Interieur-Design-Produkte und einen schnellen Kundenservice geliefert.<br \/>\nIhre eleganten und qualitativ hochwertigen Produkte erm\u00f6glichen es uns, weiterhin \u00e4sthetisch ansprechende Innenr\u00e4ume f\u00fcr unsere Kunden zu schaffen.<br \/>\nRifras Service und Engagement f\u00fcr Exzellenz und Professionalit\u00e4t waren ein entscheidender Faktor f\u00fcr unseren Erfolg.<br \/>\nIch danke Ihnen allen &#8211; und halten Sie dieses Niveau Ihrer Arbeit! \u201c<\/p>\n<hr \/>\n<p style=\"text-align: left;\"><strong>Daniel Popescu,<br \/>\n<\/strong><strong>Innenarchitekt bei Bilotta<br \/>\nNew York, NY<br \/>\nwww.bilotta.com<\/strong><\/p>\n<p>\u201eIch arbeite in dieser Branche seit \u00fcber 30 Jahren, und Rifra ist der mit Abstand weltweit f\u00fchrende Hersteller von Badezimmerausstattung und Armaturen. Die Qualit\u00e4t der Produkte und des Designs ist hervorragend, einzigartig und innovativ.<br \/>\nArbeiten mit Rifra macht mein Leben als Innenarchitekt so einfach &#8211; die Zusammenarbeit mit Ihrer Produktionsabteilung macht mir Freude, so erfahrene und aufmerksame Mitarbeiter, die prompt auf meine Fragen und meinen Bedarf reagieren.<br \/>\nIhre Unterst\u00fctzung bei Fragen zu Details und zur Preisgestaltung Ihrer Produkte ist ausgezeichnet. Die vielen Projekte, die ich mit Rifra verwirklicht habe, waren alle einwandfrei &#8211; ohne Probleme, keine Verz\u00f6gerungen, keine Fehler.<br \/>\nDie Produkte werden in perfekter Verpackung und zu guten Versandbedingungen geliefert, was wichtig ist, da sie nach \u00dcbersee verschickt werden. Installationen verlaufen reibungslos &#8211; keine Probleme. Rifra verwendet die besten Materialien &#8211; Leder, Lacke, Cristalplant usw. Diese Produkte und Angebote verbunden mit all den verschiedenen Zubeh\u00f6rteilen (Spiegel mit Hintergrundbeleuchtung, Beleuchtungssysteme, Badewannen) macht Rifra zu einem Shop, der aus einer Hand alles f\u00fcr luxuri\u00f6se, moderne B\u00e4der bietet. Und wenn Sie dann noch die hervorragende Unterst\u00fctzung der Produktionsabteilung hinzuf\u00fcgen, dann k\u00f6nnen Sie kein besseres Produkt w\u00e4hlen.<br \/>\nNicht einer meiner Kunden war bisher entt\u00e4uscht &#8211; im Gegenteil, sie waren so zufrieden, dass sie mich und die Rifra-Produkte ihren Freunden empfohlen haben.&#8221;<\/p>\n<hr \/>\n<p style=\"text-align: left;\"><strong>Roy Otwell,<\/strong><br \/>\n<strong>Chef von Switch<br \/>\nAtlanta, GA<br \/>\nwww.switchmodern.com<br \/>\n<\/strong><\/p>\n<p>\u201eWir sind sehr stolz auf die Rifra-Produktlinie.<br \/>\nAls regionaler H\u00e4ndler spielt Rifra eine gro\u00dfe Rolle bei unserer Gesamtkalkulation.<br \/>\nDie Produkte sind sch\u00f6n gemacht, und der H\u00e4ndler-Service ist hervorragend. Wir k\u00f6nnen Rifra-Produkte verkaufen, ohne Angst vor Problemen nach der Installation haben zu m\u00fcssen. Unsere Kunden sind immer mit der Qualit\u00e4t und Haltbarkeit zufrieden.&#8221;<\/p>\n<hr \/>\n<p style=\"text-align: left;\"><strong>Jared Della Valle,<br \/>\n<\/strong><strong>Chef von Alloy<br \/>\nNew York, NY<\/strong><\/p>\n<p>\u201eRIFRA ist der einzige Anbieter, mit dem ich w\u00e4hrend meiner schon 20 Jahre w\u00e4hrenden Eigenst\u00e4ndigkeit exklusiv kooperiert habe. Es waren ungef\u00e4hr 10 Jahre Partnerschaft und Unterst\u00fctzung, die un\u00fcbertroffen bleiben.<\/p>\n<p style=\"text-align: left;\">RIFRA hat eine unglaubliche Flexibilit\u00e4t bewiesen und war imstande, uns dabei zu helfen, die Vision \/ das Design unserer Projekte zu realisieren.<br \/>\nMeine Beziehung zu der Gesch\u00e4ftsleitung hat insbesondere mein Vertrauen in das Resultat verst\u00e4rkt.<br \/>\nUnsere Projekte haben einen Umfang und eine Komplexit\u00e4t, die schwierig zu gestalten und zu produzieren sind.<br \/>\nNat\u00fcrlich passieren Fehler (wir sind hier schlie\u00dflich beim Bau), aber ich kann mich immer darauf verlassen, dass RIFRA da ist, um das Problem zu l\u00f6sen.<br \/>\nEs ist wirklich einfach: Ich habe immer Vertrauen in die Qualit\u00e4t des Produkts und dessen Gestaltung, aber vor allem sch\u00e4tze ich die Beziehung zu den Menschen, mit denen ich in Kontakt komme.&#8221;<\/p>\n<hr \/>\n<p style=\"text-align: left;\">\n<p><a href=\"\/\/www.pinterest.com\/pin\/create\/button\/\" data-pin-do=\"buttonBookmark\" data-pin-color=\"red\" data-pin-height=\"128\"><img src=\"\/\/assets.pinterest.com\/images\/pidgets\/pinit_fg_en_rect_red_28.png\" \/><\/a><\/p>","protected":false},"excerpt":{"rendered":"<p>Auf dieser Seite finden Sie viele Aussagen \u00fcber RI.FRA, die von unseren Kunden geschrieben wurden. Giuseppe Fascianella Salvacarro Salvacarro ist eine Firme, die durch meinen Vater angefangen ist. Es hat eine italienische Herkunft und arbeitet in Bruxelles. Wir kollaborieren mit Rifra seit 5 Jahren und wir sind spezialisiert in den kompletten Konzept von Badezimmer. Wir [&hellip;]<\/p>\n","protected":false},"author":1,"featured_media":0,"parent":0,"menu_order":0,"comment_status":"open","ping_status":"open","template":"","meta":[],"yoast_head":"<!-- This site is optimized with the Yoast SEO plugin v19.4 - https:\/\/yoast.com\/wordpress\/plugins\/seo\/ -->\n<title>Zeugnisse - RiFRA blog, Kitchens and Baths direct from Milano<\/title>\n<meta name=\"robots\" content=\"index, follow, max-snippet:-1, max-image-preview:large, max-video-preview:-1\" \/>\n<link rel=\"canonical\" href=\"https:\/\/blog.rifra.com\/de\/zeugnisse\/\" \/>\n<meta property=\"og:locale\" content=\"de_DE\" \/>\n<meta property=\"og:type\" content=\"article\" \/>\n<meta property=\"og:title\" content=\"Zeugnisse - RiFRA blog, Kitchens and Baths direct from Milano\" \/>\n<meta property=\"og:description\" content=\"Auf dieser Seite finden Sie viele Aussagen \u00fcber RI.FRA, die von unseren Kunden geschrieben wurden. Giuseppe Fascianella Salvacarro Salvacarro ist eine Firme, die durch meinen Vater angefangen ist. Es hat eine italienische Herkunft und arbeitet in Bruxelles. Wir kollaborieren mit Rifra seit 5 Jahren und wir sind spezialisiert in den kompletten Konzept von Badezimmer. Wir [&hellip;]\" \/>\n<meta property=\"og:url\" content=\"https:\/\/blog.rifra.com\/de\/zeugnisse\/\" \/>\n<meta property=\"og:site_name\" content=\"RiFRA blog, Kitchens and Baths direct from Milano\" \/>\n<meta property=\"article:modified_time\" content=\"2015-03-06T15:04:23+00:00\" \/>\n<meta name=\"twitter:card\" content=\"summary_large_image\" \/>\n<meta name=\"twitter:label1\" content=\"Gesch\u00e4tzte Lesezeit\" \/>\n\t<meta name=\"twitter:data1\" content=\"5 minutes\" \/>\n<script type=\"application\/ld+json\" class=\"yoast-schema-graph\">{\"@context\":\"https:\/\/schema.org\",\"@graph\":[{\"@type\":\"WebSite\",\"@id\":\"https:\/\/blog.rifra.com\/en\/#website\",\"url\":\"https:\/\/blog.rifra.com\/en\/\",\"name\":\"RiFRA blog, Kitchens and Baths direct from Milano\",\"description\":\"\",\"potentialAction\":[{\"@type\":\"SearchAction\",\"target\":{\"@type\":\"EntryPoint\",\"urlTemplate\":\"https:\/\/blog.rifra.com\/en\/?s={search_term_string}\"},\"query-input\":\"required name=search_term_string\"}],\"inLanguage\":\"de-DE\"},{\"@type\":\"WebPage\",\"@id\":\"https:\/\/blog.rifra.com\/de\/zeugnisse\/\",\"url\":\"https:\/\/blog.rifra.com\/de\/zeugnisse\/\",\"name\":\"Zeugnisse - RiFRA blog, Kitchens and Baths direct from Milano\",\"isPartOf\":{\"@id\":\"https:\/\/blog.rifra.com\/en\/#website\"},\"datePublished\":\"2014-08-20T08:08:29+00:00\",\"dateModified\":\"2015-03-06T15:04:23+00:00\",\"breadcrumb\":{\"@id\":\"https:\/\/blog.rifra.com\/de\/zeugnisse\/#breadcrumb\"},\"inLanguage\":\"de-DE\",\"potentialAction\":[{\"@type\":\"ReadAction\",\"target\":[\"https:\/\/blog.rifra.com\/de\/zeugnisse\/\"]}]},{\"@type\":\"BreadcrumbList\",\"@id\":\"https:\/\/blog.rifra.com\/de\/zeugnisse\/#breadcrumb\",\"itemListElement\":[{\"@type\":\"ListItem\",\"position\":1,\"name\":\"Home\",\"item\":\"https:\/\/blog.rifra.com\/en\/\"},{\"@type\":\"ListItem\",\"position\":2,\"name\":\"Zeugnisse\"}]}]}<\/script>\n<!-- \/ Yoast SEO plugin. -->","yoast_head_json":{"title":"Zeugnisse - RiFRA blog, Kitchens and Baths direct from Milano","robots":{"index":"index","follow":"follow","max-snippet":"max-snippet:-1","max-image-preview":"max-image-preview:large","max-video-preview":"max-video-preview:-1"},"canonical":"https:\/\/blog.rifra.com\/de\/zeugnisse\/","og_locale":"de_DE","og_type":"article","og_title":"Zeugnisse - RiFRA blog, Kitchens and Baths direct from Milano","og_description":"Auf dieser Seite finden Sie viele Aussagen \u00fcber RI.FRA, die von unseren Kunden geschrieben wurden. Giuseppe Fascianella Salvacarro Salvacarro ist eine Firme, die durch meinen Vater angefangen ist. Es hat eine italienische Herkunft und arbeitet in Bruxelles. Wir kollaborieren mit Rifra seit 5 Jahren und wir sind spezialisiert in den kompletten Konzept von Badezimmer. Wir [&hellip;]","og_url":"https:\/\/blog.rifra.com\/de\/zeugnisse\/","og_site_name":"RiFRA blog, Kitchens and Baths direct from Milano","article_modified_time":"2015-03-06T15:04:23+00:00","twitter_card":"summary_large_image","twitter_misc":{"Gesch\u00e4tzte Lesezeit":"5 minutes"},"schema":{"@context":"https:\/\/schema.org","@graph":[{"@type":"WebSite","@id":"https:\/\/blog.rifra.com\/en\/#website","url":"https:\/\/blog.rifra.com\/en\/","name":"RiFRA blog, Kitchens and Baths direct from Milano","description":"","potentialAction":[{"@type":"SearchAction","target":{"@type":"EntryPoint","urlTemplate":"https:\/\/blog.rifra.com\/en\/?s={search_term_string}"},"query-input":"required name=search_term_string"}],"inLanguage":"de-DE"},{"@type":"WebPage","@id":"https:\/\/blog.rifra.com\/de\/zeugnisse\/","url":"https:\/\/blog.rifra.com\/de\/zeugnisse\/","name":"Zeugnisse - RiFRA blog, Kitchens and Baths direct from Milano","isPartOf":{"@id":"https:\/\/blog.rifra.com\/en\/#website"},"datePublished":"2014-08-20T08:08:29+00:00","dateModified":"2015-03-06T15:04:23+00:00","breadcrumb":{"@id":"https:\/\/blog.rifra.com\/de\/zeugnisse\/#breadcrumb"},"inLanguage":"de-DE","potentialAction":[{"@type":"ReadAction","target":["https:\/\/blog.rifra.com\/de\/zeugnisse\/"]}]},{"@type":"BreadcrumbList","@id":"https:\/\/blog.rifra.com\/de\/zeugnisse\/#breadcrumb","itemListElement":[{"@type":"ListItem","position":1,"name":"Home","item":"https:\/\/blog.rifra.com\/en\/"},{"@type":"ListItem","position":2,"name":"Zeugnisse"}]}]}},"_links":{"self":[{"href":"https:\/\/blog.rifra.com\/de\/wp-json\/wp\/v2\/pages\/183"}],"collection":[{"href":"https:\/\/blog.rifra.com\/de\/wp-json\/wp\/v2\/pages"}],"about":[{"href":"https:\/\/blog.rifra.com\/de\/wp-json\/wp\/v2\/types\/page"}],"author":[{"embeddable":true,"href":"https:\/\/blog.rifra.com\/de\/wp-json\/wp\/v2\/users\/1"}],"replies":[{"embeddable":true,"href":"https:\/\/blog.rifra.com\/de\/wp-json\/wp\/v2\/comments?post=183"}],"version-history":[{"count":6,"href":"https:\/\/blog.rifra.com\/de\/wp-json\/wp\/v2\/pages\/183\/revisions"}],"predecessor-version":[{"id":528,"href":"https:\/\/blog.rifra.com\/de\/wp-json\/wp\/v2\/pages\/183\/revisions\/528"}],"wp:attachment":[{"href":"https:\/\/blog.rifra.com\/de\/wp-json\/wp\/v2\/media?parent=183"}],"curies":[{"name":"wp","href":"https:\/\/api.w.org\/{rel}","templated":true}]}}