{"id":187,"date":"2014-08-20T10:26:00","date_gmt":"2014-08-20T08:26:00","guid":{"rendered":"http:\/\/blog.rifra.com\/?page_id=187"},"modified":"2015-03-06T16:03:56","modified_gmt":"2015-03-06T15:03:56","slug":"temoignages","status":"publish","type":"page","link":"https:\/\/blog.rifra.com\/fr\/temoignages\/","title":{"rendered":"T\u00e9moignages"},"content":{"rendered":"<p style=\"text-align: left;\">Sur cette page, vous trouverez beaucoup de commentaires \u00e9crits par nos clients sur RI.FRA<\/p>\n<p style=\"text-align: left;\"><strong>Giuseppe Fascianella<\/strong><br \/>\n<strong>Salvacarro<br \/>\n<\/strong><\/p>\n<p lang=\"fr-FR\" style=\"margin-bottom: 0cm;\"><span lang=\"de-DE\">Je travail pour la soci\u00e9t\u00e9 Salvacarro, qui a <\/span><span lang=\"fr-FR\">des origines italiennes et a \u00e9t\u00e9 fond\u00e9 par mon p\u00e8re, monsieur Salvateur, il y a 30 ans. C\u2019est donc une soci\u00e9t\u00e9 familiale \u00e0 Bruxelles.<\/span><br \/>\nOn travail avec Rifra depuis 5 ans et nous sommes sp\u00e9cialis\u00e9s dans le concept complet de la salle de bain.<br \/>\nDonc nous sommes tr\u00e8s confiants et tr\u00e8s fiers de travailler avec la maison Rifra.<br \/>\nNous aimons \u00e9norm\u00e9ment l\u2019exposition de la marque, qui est toujours tr\u00e8s \u00e9l\u00e9gante.<br \/>\nFinalement une salle de bain c\u2019est un r\u00eave, \u00e7a fait r\u00eaver les personnes.<br \/>\nEt toutes les ann\u00e9es la pr\u00e9sentation de Rifra est magnifique.<\/p>\n<p><iframe loading=\"lazy\" style=\"margin-top: 30px;\" src=\"https:\/\/player.vimeo.com\/video\/120808017?title=0&amp;byline=0&amp;portrait=0\" width=\"500\" height=\"281\" frameborder=\"0\" allowfullscreen=\"allowfullscreen\"><\/iframe><\/p>\n<hr \/>\n<p style=\"text-align: left;\"><strong>Marc Bei<\/strong><br \/>\n<strong>Constructeur<br \/>\n<\/strong><\/p>\n<p lang=\"fr-FR\" style=\"margin-bottom: 0cm;\"><span lang=\"fr-FR\">On est constructeur en Luxembourg depuis <\/span><span lang=\"fr-FR\">30 ans.<\/span><br \/>\nOn fait des projets sur mesure, on a un bureau d\u2019architecture en interne.<br \/>\nOn a vu l\u00e0 que le rapport entre notre soci\u00e9t\u00e9 et la soci\u00e9t\u00e9 de Rifra serait le meilleur, parce que le design Rifra se marie tr\u00e8s bien avec notre architecture.<br \/>\nLa chose que nous aimons le plus est le design mais surtout les finitions\u00a0: ils sont arriv\u00e9s \u00e0 faire un mariage entre le design et une super finition.<br \/>\nUn grand avantage chez Rifra c\u2019est qu\u2019ils sont flexible et qu\u2019on a la possibilit\u00e9 de faire des meubles sur mesure, ce que de grandes soci\u00e9t\u00e9s \u00e0 leur niveau ne font pas. Et donc c\u2019est \u00e7a la chose qu\u2019on aime le plus de l\u2019organisation.<\/p>\n<p><iframe loading=\"lazy\" style=\"margin-top: 30px;\" src=\"https:\/\/player.vimeo.com\/video\/120798824?title=0&amp;byline=0&amp;portrait=0\" width=\"500\" height=\"281\" frameborder=\"0\" allowfullscreen=\"allowfullscreen\"><\/iframe><\/p>\n<hr \/>\n<p style=\"text-align: left;\"><strong>Sandrine Franconeri<\/strong><br \/>\n<strong>Federspiel<br \/>\n<\/strong><\/p>\n<p lang=\"fr-FR\" style=\"margin-bottom: 0cm;\">Je travaille pour Federspiel depuis 15 ans et je m\u2019occupe de la salle d\u2019exposition en Luxembourg.<br \/>\nOn collabore avec Rifra depuis 7 and et j\u2019aime sa pr\u00e9sentation de mieux en mieux chaque ann\u00e9e.<br \/>\nLe concept de salle de bain est tr\u00e8s \u00e9volue.<br \/>\nJ\u2019appr\u00e9cie beaucoup l\u2019organisation, qui a toujours un service parfait.<br \/>\nOn va donc travailler ensemble pendant beaucoup d\u2019ann\u00e9es.<\/p>\n<p><iframe loading=\"lazy\" style=\"margin-top: 30px;\" src=\"https:\/\/player.vimeo.com\/video\/120700305?title=0&amp;byline=0&amp;portrait=0\" width=\"500\" height=\"281\" frameborder=\"0\" allowfullscreen=\"allowfullscreen\"><\/iframe><\/p>\n<hr \/>\n<p><strong>Katherine McConvey,\u00a0<\/strong><br \/>\n<strong>PDG de KMM corporation, et cliente de Rifra.<\/strong><\/p>\n<p>\u201cMatteo, on est en train de finir la construction de ma maison \u00e0 Floride et elle commence \u00e0 devenir mon chez moi. Un grand nombre des composantes que je touche tous les jours est con\u00e7u et cr\u00e9e par votre soci\u00e9t\u00e9, Rifra. Je ne peux pas vous dire combien j&rsquo;appr\u00e9cie l&rsquo;aspect, et la sensation des pi\u00e8ces. La cuisine principale en est une preuve, mais ma fiert\u00e9 et ma joie se trouvent dans mon espace perso de pr\u00e9paration. J&rsquo;ADORE la beaut\u00e9, la touche et l&rsquo;utilit\u00e9.<\/p>\n<p>La salle de bain principale et la baignoire sont tout simplement magnifiques et tous les panneaux qui l\u2019&rsquo;entourent la rendent compl\u00e8te. La porte externe de la cuisine est utilis\u00e9e quotidiennement et elle est peut \u00eatre le top de la maison, selon les enfants.<\/p>\n<p>Avec autant de cuisines\/de comptoirs pour le petit d\u00e9jeuner et de salles de bains qui se trouvent dans notre maison, tous fournis par votre soci\u00e9t\u00e9, je sais que j&rsquo;ai fait le bon choix de vous laisser tout faire. Encore, merci \u00e0 vous et \u00e0 toute votre \u00e9quipe qui a travaill\u00e9 avec assiduit\u00e9 pour que cela se r\u00e9alise. Je promets envoyer des photos d\u00e8s qu&rsquo;elles sont disponibles.\u201d<\/p>\n<hr \/>\n<p style=\"text-align: left;\"><strong>Rich Corbett,<br \/>\n<\/strong><strong>Directeur de Richlin Interiors<br \/>\n<\/strong><strong>Estero, FL, United States<br \/>\n<\/strong><strong>www.richlininteriors.com<\/strong><\/p>\n<p>\u201cFaire des affaires avec Rifra a \u00e9t\u00e9 un vrai plaisir pour nous \u00e0 Richlin Interiors. Nous avons \u00e9t\u00e9 impressionn\u00e9s par la rapidit\u00e9 de r\u00e9ponse et les approches professionnelles que votre soci\u00e9t\u00e9 nous a offertes.<br \/>\nRifra a toujours fourni des produits de conception int\u00e9rieur hors pair et un service \u00e0 la client\u00e8le rapide. Vos produits chics et de grande qualit\u00e9 nous permettent de continuer \u00e0 cr\u00e9er des espaces int\u00e9rieurs esth\u00e9tiques pour nos clients.<br \/>\nLe service de Rifra et son engagement \u00e0 l&rsquo;excellence et au professionnalisme ont \u00e9t\u00e9 un facteur dans notre succ\u00e8s.<br \/>\nMerci et continuez le bon travail.\u201d<\/p>\n<hr \/>\n<p style=\"text-align: left;\"><strong>Daniel Popescu,<br \/>\n<\/strong><strong>Architecte d&rsquo;int\u00e9rieur \u00e0 Bilotta<br \/>\n<\/strong><strong>New York, NY<br \/>\n<\/strong><strong>www.bilotta.com<\/strong><\/p>\n<p>\u201cJe suis dans ce domaine depuis plus de 30 ans et Rifra est de loin le fabricant de pointe d&rsquo;\u00e9quipement de salle de bains et d&rsquo;\u00e9lectricit\u00e9 au monde. La qualit\u00e9 produit et le design sont exceptionnels, uniques et innovateurs.<br \/>\nTravailler avec Rifra rend ma vie de dessinateur tr\u00e8s facile. Un vrai plaisir de travailler avec la manufacture, une \u00e9quipe attentive et connaisseuse, pr\u00eate \u00e0 r\u00e9pondre \u00e0 mes questions et besoins.<br \/>\nLeur aide d\u00e9taill\u00e9e et leur \u00e9valuation sur le produit sont excellentes. Les nombreux projets r\u00e9alis\u00e9s avec Rifra ont \u00e9t\u00e9 parfaits- sans probl\u00e8mes, sans retards, sans erreurs.<br \/>\nLes produits sont envoy\u00e9s parfaitement emball\u00e9s et dans de bonnes conditions de livraison, ce qui est tr\u00e8s important puisqu&rsquo;ils voyagent outre-mer. Les installations se font sans probl\u00e8me- sans casse-t\u00eate. Rifra utilise le mat\u00e9riel le plus fin disponible \u2013 cuir, laques, cristal-plant, etc. Ces produits et ces offres combin\u00e9s avec les diff\u00e9rents accessoires (les miroirs retro-\u00e9clair\u00e9s, lumi\u00e8res, baignoires) font de Rifra une boutique unique pour les luxueuses salles de bains modernes. Et quand on ajoute l&rsquo;extraordinaire assistance de la soci\u00e9t\u00e9, vous ne pouvez pas choisir mieux. Aucun de mes clients n&rsquo;a \u00e9t\u00e9 d\u00e9\u00e7u- au contraire, ils ont \u00e9t\u00e9 si satisfaits qu&rsquo;ils m&rsquo;ont recommand\u00e9 moi m\u00eame et aussi bien \u00e0 leurs amis les produits Rifra.\u201d<\/p>\n<hr \/>\n<p style=\"text-align: left;\"><strong>Roy Otwell,<\/strong><br \/>\n<strong>Directeur de Switch<\/strong><br \/>\n<strong>Atlanta, GA<br \/>\nwww.switchmodern.com<br \/>\n<\/strong><\/p>\n<p>\u201cNous sommes tr\u00e8s fiers de la gamme de produit Rifra.<br \/>\nEn tant que revendeur r\u00e9gional, Rifra joue un grand r\u00f4le dans nos r\u00e9sultats. Les produits sont superbement fabriqu\u00e9s et le service commercial est g\u00e9nial. Nous pouvons vendre Rifra sans nous soucier de probl\u00e8mes apr\u00e8s installation. Nos clients sont toujours satisfaits de la qualit\u00e9 et de la dur\u00e9e des produits.\u201d<\/p>\n<hr \/>\n<p style=\"text-align: left;\"><strong>Jared Della Valle,<br \/>\n<\/strong><strong>Pr\u00e9sident de Alloy,<br \/>\nNew York, NY<\/strong><\/p>\n<p>\u201cRifra est le seul fournisseur avec lequel j&rsquo;ai travaill\u00e9 de fa\u00e7on exclusive, en 20 ann\u00e9es o\u00f9 j&rsquo;ai ma propre entreprise. Cela fait pr\u00e8s de 10 ans de partenariat et de support in\u00e9galables.<\/p>\n<p style=\"text-align: left;\">Rifra a montr\u00e9 une incroyable flexibilit\u00e9 et capacit\u00e9 de nous aider \u00e0 r\u00e9aliser la vision\/ le design de notre projet.<br \/>\nTout particuli\u00e8rement, ma relation avec les directeurs a cr\u00e9\u00e9 une confiance dans le r\u00e9sultat.<br \/>\nDes projets d\u2019 ampleur et la complexit\u00e9 des n\u00f4tres sont difficiles \u00e0 g\u00e9rer\/ produire.<br \/>\nLes erreurs arrivent bien s\u00fbr (c&rsquo;est apr\u00e8s tout le monde de la construction) mais je peux toujours compter sur le fait que Rifra est l\u00e0 pour aider \u00e0 r\u00e9soudre les probl\u00e8mes.<br \/>\nC&rsquo;est vraiment simple, j&rsquo;ai toujours cru en la qualit\u00e9 du produit et son design mais j&rsquo;appr\u00e9cie encore plus la relation que j&rsquo;ai avec les personnes avec qui je communique.\u201d<\/p>\n<hr \/>\n<p style=\"text-align: left;\">\n<p><a href=\"\/\/www.pinterest.com\/pin\/create\/button\/\" data-pin-do=\"buttonBookmark\" data-pin-color=\"red\" data-pin-height=\"128\"><img src=\"\/\/assets.pinterest.com\/images\/pidgets\/pinit_fg_en_rect_red_28.png\" \/><\/a><\/p>","protected":false},"excerpt":{"rendered":"<p>Sur cette page, vous trouverez beaucoup de commentaires \u00e9crits par nos clients sur RI.FRA Giuseppe Fascianella Salvacarro Je travail pour la soci\u00e9t\u00e9 Salvacarro, qui a des origines italiennes et a \u00e9t\u00e9 fond\u00e9 par mon p\u00e8re, monsieur Salvateur, il y a 30 ans. C\u2019est donc une soci\u00e9t\u00e9 familiale \u00e0 Bruxelles. On travail avec Rifra depuis 5 [&hellip;]<\/p>\n","protected":false},"author":1,"featured_media":0,"parent":0,"menu_order":0,"comment_status":"open","ping_status":"open","template":"","meta":[],"yoast_head":"<!-- This site is optimized with the Yoast SEO plugin v19.4 - https:\/\/yoast.com\/wordpress\/plugins\/seo\/ -->\n<title>T\u00e9moignages - RiFRA blog, Kitchens and Baths direct from Milano<\/title>\n<meta name=\"robots\" content=\"index, follow, max-snippet:-1, max-image-preview:large, max-video-preview:-1\" \/>\n<link rel=\"canonical\" href=\"https:\/\/blog.rifra.com\/fr\/temoignages\/\" \/>\n<meta property=\"og:locale\" content=\"fr_FR\" \/>\n<meta property=\"og:type\" content=\"article\" \/>\n<meta property=\"og:title\" content=\"T\u00e9moignages - RiFRA blog, Kitchens and Baths direct from Milano\" \/>\n<meta property=\"og:description\" content=\"Sur cette page, vous trouverez beaucoup de commentaires \u00e9crits par nos clients sur RI.FRA Giuseppe Fascianella Salvacarro Je travail pour la soci\u00e9t\u00e9 Salvacarro, qui a des origines italiennes et a \u00e9t\u00e9 fond\u00e9 par mon p\u00e8re, monsieur Salvateur, il y a 30 ans. C\u2019est donc une soci\u00e9t\u00e9 familiale \u00e0 Bruxelles. On travail avec Rifra depuis 5 [&hellip;]\" \/>\n<meta property=\"og:url\" content=\"https:\/\/blog.rifra.com\/fr\/temoignages\/\" \/>\n<meta property=\"og:site_name\" content=\"RiFRA blog, Kitchens and Baths direct from Milano\" \/>\n<meta property=\"article:modified_time\" content=\"2015-03-06T15:03:56+00:00\" \/>\n<meta name=\"twitter:card\" content=\"summary_large_image\" \/>\n<meta name=\"twitter:label1\" content=\"Dur\u00e9e de lecture estim\u00e9e\" \/>\n\t<meta name=\"twitter:data1\" content=\"6 minutes\" \/>\n<script type=\"application\/ld+json\" class=\"yoast-schema-graph\">{\"@context\":\"https:\/\/schema.org\",\"@graph\":[{\"@type\":\"WebSite\",\"@id\":\"https:\/\/blog.rifra.com\/en\/#website\",\"url\":\"https:\/\/blog.rifra.com\/en\/\",\"name\":\"RiFRA blog, Kitchens and Baths direct from Milano\",\"description\":\"\",\"potentialAction\":[{\"@type\":\"SearchAction\",\"target\":{\"@type\":\"EntryPoint\",\"urlTemplate\":\"https:\/\/blog.rifra.com\/en\/?s={search_term_string}\"},\"query-input\":\"required name=search_term_string\"}],\"inLanguage\":\"fr-FR\"},{\"@type\":\"WebPage\",\"@id\":\"https:\/\/blog.rifra.com\/fr\/temoignages\/\",\"url\":\"https:\/\/blog.rifra.com\/fr\/temoignages\/\",\"name\":\"T\u00e9moignages - RiFRA blog, Kitchens and Baths direct from Milano\",\"isPartOf\":{\"@id\":\"https:\/\/blog.rifra.com\/en\/#website\"},\"datePublished\":\"2014-08-20T08:26:00+00:00\",\"dateModified\":\"2015-03-06T15:03:56+00:00\",\"breadcrumb\":{\"@id\":\"https:\/\/blog.rifra.com\/fr\/temoignages\/#breadcrumb\"},\"inLanguage\":\"fr-FR\",\"potentialAction\":[{\"@type\":\"ReadAction\",\"target\":[\"https:\/\/blog.rifra.com\/fr\/temoignages\/\"]}]},{\"@type\":\"BreadcrumbList\",\"@id\":\"https:\/\/blog.rifra.com\/fr\/temoignages\/#breadcrumb\",\"itemListElement\":[{\"@type\":\"ListItem\",\"position\":1,\"name\":\"Home\",\"item\":\"https:\/\/blog.rifra.com\/en\/\"},{\"@type\":\"ListItem\",\"position\":2,\"name\":\"T\u00e9moignages\"}]}]}<\/script>\n<!-- \/ Yoast SEO plugin. -->","yoast_head_json":{"title":"T\u00e9moignages - RiFRA blog, Kitchens and Baths direct from Milano","robots":{"index":"index","follow":"follow","max-snippet":"max-snippet:-1","max-image-preview":"max-image-preview:large","max-video-preview":"max-video-preview:-1"},"canonical":"https:\/\/blog.rifra.com\/fr\/temoignages\/","og_locale":"fr_FR","og_type":"article","og_title":"T\u00e9moignages - RiFRA blog, Kitchens and Baths direct from Milano","og_description":"Sur cette page, vous trouverez beaucoup de commentaires \u00e9crits par nos clients sur RI.FRA Giuseppe Fascianella Salvacarro Je travail pour la soci\u00e9t\u00e9 Salvacarro, qui a des origines italiennes et a \u00e9t\u00e9 fond\u00e9 par mon p\u00e8re, monsieur Salvateur, il y a 30 ans. C\u2019est donc une soci\u00e9t\u00e9 familiale \u00e0 Bruxelles. On travail avec Rifra depuis 5 [&hellip;]","og_url":"https:\/\/blog.rifra.com\/fr\/temoignages\/","og_site_name":"RiFRA blog, Kitchens and Baths direct from Milano","article_modified_time":"2015-03-06T15:03:56+00:00","twitter_card":"summary_large_image","twitter_misc":{"Dur\u00e9e de lecture estim\u00e9e":"6 minutes"},"schema":{"@context":"https:\/\/schema.org","@graph":[{"@type":"WebSite","@id":"https:\/\/blog.rifra.com\/en\/#website","url":"https:\/\/blog.rifra.com\/en\/","name":"RiFRA blog, Kitchens and Baths direct from Milano","description":"","potentialAction":[{"@type":"SearchAction","target":{"@type":"EntryPoint","urlTemplate":"https:\/\/blog.rifra.com\/en\/?s={search_term_string}"},"query-input":"required name=search_term_string"}],"inLanguage":"fr-FR"},{"@type":"WebPage","@id":"https:\/\/blog.rifra.com\/fr\/temoignages\/","url":"https:\/\/blog.rifra.com\/fr\/temoignages\/","name":"T\u00e9moignages - RiFRA blog, Kitchens and Baths direct from Milano","isPartOf":{"@id":"https:\/\/blog.rifra.com\/en\/#website"},"datePublished":"2014-08-20T08:26:00+00:00","dateModified":"2015-03-06T15:03:56+00:00","breadcrumb":{"@id":"https:\/\/blog.rifra.com\/fr\/temoignages\/#breadcrumb"},"inLanguage":"fr-FR","potentialAction":[{"@type":"ReadAction","target":["https:\/\/blog.rifra.com\/fr\/temoignages\/"]}]},{"@type":"BreadcrumbList","@id":"https:\/\/blog.rifra.com\/fr\/temoignages\/#breadcrumb","itemListElement":[{"@type":"ListItem","position":1,"name":"Home","item":"https:\/\/blog.rifra.com\/en\/"},{"@type":"ListItem","position":2,"name":"T\u00e9moignages"}]}]}},"_links":{"self":[{"href":"https:\/\/blog.rifra.com\/fr\/wp-json\/wp\/v2\/pages\/187"}],"collection":[{"href":"https:\/\/blog.rifra.com\/fr\/wp-json\/wp\/v2\/pages"}],"about":[{"href":"https:\/\/blog.rifra.com\/fr\/wp-json\/wp\/v2\/types\/page"}],"author":[{"embeddable":true,"href":"https:\/\/blog.rifra.com\/fr\/wp-json\/wp\/v2\/users\/1"}],"replies":[{"embeddable":true,"href":"https:\/\/blog.rifra.com\/fr\/wp-json\/wp\/v2\/comments?post=187"}],"version-history":[{"count":4,"href":"https:\/\/blog.rifra.com\/fr\/wp-json\/wp\/v2\/pages\/187\/revisions"}],"predecessor-version":[{"id":527,"href":"https:\/\/blog.rifra.com\/fr\/wp-json\/wp\/v2\/pages\/187\/revisions\/527"}],"wp:attachment":[{"href":"https:\/\/blog.rifra.com\/fr\/wp-json\/wp\/v2\/media?parent=187"}],"curies":[{"name":"wp","href":"https:\/\/api.w.org\/{rel}","templated":true}]}}